{"id":645,"date":"2025-03-05T14:36:21","date_gmt":"2025-03-05T14:36:21","guid":{"rendered":"https:\/\/www.ignitethefire2025.world\/?page_id=645"},"modified":"2025-04-03T10:11:57","modified_gmt":"2025-04-03T10:11:57","slug":"register","status":"publish","type":"page","link":"https:\/\/oldsite.ignitethefire2025.world\/vi\/register\/","title":{"rendered":"\u0110\u0103ng k\u00fd"},"content":{"rendered":"<h2 class=\"wp-block-heading has-text-align-center\">Ch\u00fang t\u00f4i tr\u00e2n tr\u1ecdng m\u1eddi b\u1ea1n \u0111\u0103ng k\u00fd tham gia ch\u01b0\u01a1ng tr\u00ecnh Ignite the Fire \u2013 Papua 2025!<\/h2>\n\n\n\n<h3 class=\"wp-block-heading\">G\u00f3i l\u01b0u tr\u00fa<\/h3>\n\n\n\n<p>Ch\u00fang t\u00f4i \u0111\u00e3 t\u1eadp h\u1ee3p c\u00e1c g\u00f3i h\u1ed9i ngh\u1ecb v\u00e0 ch\u1ed7 \u1edf t\u1ea1i kh\u00e1ch s\u1ea1n cho c\u00e1c \u0111\u1ea1i bi\u1ec3u trong n\u01b0\u1edbc v\u00e0 qu\u1ed1c t\u1ebf, v\u1edbi m\u1ee9c gi\u00e1 \u0111\u01b0\u1ee3c \u0111i\u1ec1u ch\u1ec9nh \u0111\u1ec3 ph\u1ea3n \u00e1nh mong mu\u1ed1n khuy\u1ebfn kh\u00edch c\u00e0ng nhi\u1ec1u b\u1ea1n b\u00e8 tham gia c\u00e0ng t\u1ed1t. Ch\u00fang t\u00f4i th\u1ef1c s\u1ef1 tin t\u01b0\u1edfng r\u1eb1ng chi ph\u00ed c\u1ee7a s\u1ef1 ki\u1ec7n s\u1ebd ph\u00f9 h\u1ee3p v\u1edbi kh\u1ea3 n\u0103ng chi tr\u1ea3 c\u1ee7a m\u1ecdi ng\u01b0\u1eddi.<\/p>\n\n\n\n<p>G\u00f3i ch\u1ed7 \u1edf bao g\u1ed3m 4 \u0111\u00eam ngh\u1ec9 t\u1ea1i kh\u00e1ch s\u1ea1n (t\u1eeb ng\u00e0y 2 th\u00e1ng 7 \u0111\u1ebfn ng\u00e0y 6 th\u00e1ng 7 n\u0103m 2025), d\u1ecbch v\u1ee5 \u0111\u00f3n t\u1ea1i s\u00e2n bay v\u00e0 c\u00e1c b\u1eefa \u0103n trong su\u1ed1t h\u1ed9i ngh\u1ecb.<\/p>\n\n\n\n<h3 class=\"wp-block-heading\">G\u00f3i \u0111\u0103ng k\u00fd v\u00e0 ch\u1ed7 \u1edf<\/h3>\n\n\n\n<p><strong>Gi\u00e1 g\u00f3i theo \u0111\u1ecba \u0111i\u1ec3m ph\u1ea3n \u00e1nh s\u1ef1 \u0111\u00e1nh gi\u00e1 cao c\u1ee7a ch\u00fang t\u00f4i v\u1ec1 chi ph\u00ed \u0111i l\u1ea1i t\u1ea1i \u0111\u1ecba ph\u01b0\u01a1ng cao \u1edf Papua v\u00e0 mong mu\u1ed1n c\u1ee7a ch\u00fang t\u00f4i l\u00e0 l\u00e0m cho s\u1ef1 ki\u1ec7n n\u00e0y tr\u1edf n\u00ean d\u1ec5 ti\u1ebfp c\u1eadn v\u1edbi t\u1ea5t c\u1ea3 m\u1ecdi ng\u01b0\u1eddi. Nh\u00f3m c\u1ee7a ch\u00fang t\u00f4i s\u1ebd x\u00e1c minh t\u1eebng l\u1ea7n \u0111\u0103ng k\u00fd v\u00e0 trong m\u1ed9t s\u1ed1 tr\u01b0\u1eddng h\u1ee3p, h\u1ecd c\u00f3 th\u1ec3 y\u00eau c\u1ea7u b\u1ea1n cung c\u1ea5p th\u00eam th\u00f4ng tin. C\u1ea3m \u01a1n b\u1ea1n tr\u01b0\u1edbc v\u00ec s\u1ef1 th\u00f4ng c\u1ea3m v\u00e0 h\u1ee3p t\u00e1c c\u1ee7a b\u1ea1n!&nbsp;<\/strong><\/p>\n\n\n\n<p>Sau \u0111\u00e2y l\u00e0 c\u00e1c l\u1ef1a ch\u1ecdn t\u00f9y thu\u1ed9c v\u00e0o n\u01a1i b\u1ea1n s\u1ed1ng:<\/p>\n\n\n\n<figure class=\"wp-block-table table-scroll is-style-regular\"><table><tbody><tr><td>&nbsp;<\/td><td colspan=\"2\"><strong>\u0110\u1ea0I BI\u1ec2U INDONESIA<\/strong><\/td><td><strong>QU\u1ed0C T\u1ebe<\/strong><\/td><\/tr><tr><td>&nbsp;<\/td><td>Trong n\u01b0\u1edbc: C\u01b0 d\u00e2n c\u1ee7a c\u00e1c qu\u1eadn Sentani, Jayapura &amp; Abepura c\u1ee7a Papua.<\/td><td>N\u1ed9i \u0111\u1ecba:<br>B\u00ean ngo\u00e0i c\u00e1c qu\u1eadn Sentani, Abepura &amp; Jayapura c\u1ee7a Papua.<\/td><td>T\u1ea5t c\u1ea3 c\u00e1c qu\u1ed1c gia kh\u00e1c.<\/td><\/tr><tr><td><strong>H\u1ed9i ngh\u1ecb \/ Ch\u1ec9 c\u00f3 b\u1eefa \u0103n<\/strong><\/td><td>200.000\u0111\/$12<\/td><td>&nbsp;<\/td><td>&nbsp;<\/td><\/tr><tr><td><strong>Ph\u00f2ng \u0111\u00f4i - Ph\u00f2ng chung \/ H\u1ed9i ngh\u1ecb \/ B\u1eefa \u0103n<\/strong><\/td><td>1.000.000 VN\u0110 \/ $60<\/td><td>200.000\u0111\/$12<\/td><td>1.650.000 IDR \/ US$100<\/td><\/tr><tr><td><strong>Ph\u00f2ng \u0111\u01a1n \/ H\u1ed9i ngh\u1ecb \/ B\u1eefa \u0103n<\/strong><\/td><td>&nbsp;<\/td><td>2.000.000 VN\u0110 \/ $120<\/td><td>5.000.000 IDR \/ US$300<\/td><\/tr><\/tbody><\/table><\/figure>\n\n\n\n<p>N\u1ebfu b\u1ea1n mu\u1ed1n \u0111\u1ebfn s\u1edbm h\u01a1n ho\u1eb7c \u1edf l\u1ea1i mu\u1ed9n h\u01a1n, vui l\u00f2ng l\u01b0u \u00fd r\u1eb1ng b\u1ea1n s\u1ebd ph\u1ea3i t\u1ef1 s\u1eafp x\u1ebfp d\u1ecbch v\u1ee5 \u0111\u01b0a \u0111\u00f3n s\u00e2n bay v\u00e0 ch\u1ed7 ngh\u1ec9 qua \u0111\u00eam.<\/p>\n\n\n\n<p>Ngo\u00e0i ra, xin l\u01b0u \u00fd r\u1eb1ng v\u00ec l\u00fd do li\u00ean quan \u0111\u1ebfn nh\u1eadp c\u01b0, ch\u00fang t\u00f4i y\u00eau c\u1ea7u t\u1ea5t c\u1ea3 \u0111\u1ea1i bi\u1ec3u ph\u1ea3i tham d\u1ef1 to\u00e0n b\u1ed9 ch\u01b0\u01a1ng tr\u00ecnh h\u1ed9i ngh\u1ecb t\u1eeb \u0111\u1ea7u \u0111\u1ebfn cu\u1ed1i.<\/p>\n\n\n\n<h3 class=\"wp-block-heading\">H\u01b0\u1edbng d\u1eabn du l\u1ecbch<\/h3>\n\n\n\n<p>Ch\u00fang t\u00f4i \u0111\u00e3 chu\u1ea9n b\u1ecb m\u1ed9t s\u1ed1 h\u1eefu \u00edch&nbsp;<strong><a href=\"https:\/\/www.ignitethefire2025.world\/travel-info\/\">th\u00f4ng tin du l\u1ecbch<\/a>&nbsp;bao g\u1ed3m th\u1ecb th\u1ef1c, h\u01b0\u1edbng d\u1eabn th\u1ee7 t\u1ee5c gi\u1ea5y t\u1edd nh\u1eadp c\u01b0 v\u00e0 ph\u01b0\u01a1ng ti\u1ec7n \u0111i l\u1ea1i \u0111\u1ecba ph\u01b0\u01a1ng -&nbsp;<a href=\"https:\/\/www.ignitethefire2025.world\/travel-info\/\">\u0110\u00c2Y<\/a>.&nbsp;&nbsp;<\/strong>Ch\u00fang t\u00f4i khuy\u1ebfn kh\u00edch b\u1ea1n ki\u1ec3m tra trang n\u00e0y tr\u01b0\u1edbc khi li\u00ean h\u1ec7 v\u1edbi ch\u00fang t\u00f4i v\u00ec c\u00f3 nhi\u1ec1u c\u00e2u h\u1ecfi \u0111\u01b0\u1ee3c gi\u1ea3i \u0111\u00e1p t\u1ea1i \u0111\u00f3.<\/p>\n\n\n\n<p>Kh\u00f4ng r\u1eddi kh\u1ecfi nh\u00e0 \/ \u0111i du l\u1ecbch cho \u0111\u1ebfn khi ch\u00fang t\u00f4i x\u00e1c nh\u1eadn \u0111\u00e3 nh\u1eadn \u0111\u01b0\u1ee3c to\u00e0n b\u1ed9 kho\u1ea3n thanh to\u00e1n cho vi\u1ec7c \u0111\u0103ng k\u00fd v\u00e0 \u0111\u1eb7t ph\u00f2ng kh\u00e1ch s\u1ea1n c\u1ee7a b\u1ea1n. C\u1ea7n \u0111\u1ea3m b\u1ea3o r\u1eb1ng c\u00f3 gi\u01b0\u1eddng cho b\u1ea1n!<\/p>\n\n\n\n<p>Vui l\u00f2ng cho ch\u00fang t\u00f4i bi\u1ebft th\u00f4ng tin chi ti\u1ebft v\u1ec1 chuy\u1ebfn bay \u0111\u1ebfn v\u00e0 \u0111i \/ ph\u00e0 c\u1ee7a b\u1ea1n tr\u01b0\u1edbc 18<sup>th<\/sup> Th\u00e1ng s\u00e1u. G\u1eedi email cho h\u1ecd <a href=\"mailto:info@ignitethefire2025.world\">info@ignitethefire2025.world<\/a> HO\u1eb6C g\u1eedi tin nh\u1eafn WhatsApp cho ch\u00fang t\u00f4i theo th\u00f4ng tin li\u00ean h\u1ec7 b\u00ean d\u01b0\u1edbi.<\/p>\n\n\n\n<h3 class=\"wp-block-heading\">S\u1ef1 chi tr\u1ea3<\/h3>\n\n\n\n<p>Ch\u00fang t\u00f4i c\u00f3 th\u1ec3 ch\u1ea5p nh\u1eadn thanh to\u00e1n tr\u1ef1c tuy\u1ebfn b\u1eb1ng h\u1ea7u h\u1ebft c\u00e1c lo\u1ea1i th\u1ebb ghi n\u1ee3 v\u00e0 th\u1ebb t\u00edn d\u1ee5ng l\u1edbn. C\u1ed5ng thanh to\u00e1n Stripe s\u1ebd hi\u1ec3n th\u1ecb &#039;International Prayer Connect&#039; l\u00e0 ng\u01b0\u1eddi nh\u1eadn.<\/p>\n\n\n\n<p>Ngo\u00e0i ra, b\u1ea1n c\u00f3 th\u1ec3 thanh to\u00e1n b\u1eb1ng chuy\u1ec3n kho\u1ea3n ng\u00e2n h\u00e0ng b\u1eb1ng th\u00f4ng tin t\u00e0i kho\u1ea3n b\u00ean d\u01b0\u1edbi. Vui l\u00f2ng thanh to\u00e1n tr\u01b0\u1edbc khi ho\u00e0n t\u1ea5t bi\u1ec3u m\u1eabu \u0111\u0103ng k\u00fd \u0111\u1ec3 b\u1ea1n c\u00f3 th\u1ec3 t\u1ea3i x\u00e1c nh\u1eadn thanh to\u00e1n l\u00ean cho ch\u00fang t\u00f4i. Nh\u1edb ghi r\u00f5 h\u1ecd t\u00ean \u0111\u1ea7y \u0111\u1ee7 c\u1ee7a b\u1ea1n l\u00e0m th\u00f4ng tin tham chi\u1ebfu.<\/p>\n\n\n\n<p>Trong nh\u1eefng tr\u01b0\u1eddng h\u1ee3p \u0111\u1eb7c bi\u1ec7t, ch\u00fang t\u00f4i c\u00f3 th\u1ec3 ch\u1ea5p nh\u1eadn thanh to\u00e1n b\u1eb1ng ti\u1ec1n m\u1eb7t khi nh\u1eadn h\u00e0ng. Vui l\u00f2ng li\u00ean h\u1ec7 v\u1edbi ch\u00fang t\u00f4i \u0111\u1ec3 s\u1eafp x\u1ebfp vi\u1ec7c n\u00e0y.<\/p>\n\n\n\n<h3 class=\"wp-block-heading\">\u0110\u1ec3 \u0110\u0103ng k\u00fd<\/h3>\n\n\n\n<div class=\"wp-block-buttons is-layout-flex wp-block-buttons-is-layout-flex\">\n<div class=\"wp-block-button\"><a class=\"wp-block-button__link wp-element-button\" href=\"https:\/\/oldsite.ignitethefire2025.world\/vi\/registration-form\/\">Ho\u00e0n th\u00e0nh m\u1eabu \u0111\u0103ng k\u00fd T\u1ea0I \u0110\u00c2Y<\/a><\/div>\n<\/div>\n\n\n\n<h3 class=\"wp-block-heading\">Li\u00ean h\u1ec7 v\u1edbi ch\u00fang t\u00f4i<\/h3>\n\n\n\n<p>N\u1ebfu b\u1ea1n c\u00f3 b\u1ea5t k\u1ef3 c\u00e2u h\u1ecfi n\u00e0o ho\u1eb7c c\u1ea7n h\u1ed7 tr\u1ee3 v\u1ec1 vi\u1ec7c \u0111\u0103ng k\u00fd, vui l\u00f2ng ho\u00e0n t\u1ea5t <strong><a href=\"https:\/\/www.ignitethefire2025.world\/contact\/\">Bi\u1ec3u m\u1eabu li\u00ean h\u1ec7<\/a><\/strong> v\u00e0 ch\u00fang t\u00f4i s\u1ebd tr\u1ea3 l\u1eddi b\u1ea1n s\u1edbm nh\u1ea5t c\u00f3 th\u1ec3. N\u1ebfu v\u1ea5n \u0111\u1ec1 c\u1ef1c k\u1ef3 c\u1ea5p b\u00e1ch, vui l\u00f2ng g\u1ecdi \u0111i\u1ec7n ho\u1eb7c WhatsApp cho ba \u0111\u1ea1i di\u1ec7n \u0111\u01b0\u1ee3c li\u1ec7t k\u00ea trong ph\u1ea7n Th\u00f4ng tin th\u00eam b\u00ean d\u01b0\u1edbi.<\/p>\n\n\n\n<hr class=\"wp-block-separator has-alpha-channel-opacity\"\/>\n\n\n\n<h2 class=\"wp-block-heading has-text-align-center\">Chi ti\u1ebft t\u00e0i kho\u1ea3n ng\u00e2n h\u00e0ng s\u1ef1 ki\u1ec7n c\u1ee7a ch\u00fang t\u00f4i:<\/h2>\n\n\n<div class=\"wp-block-image\">\n<figure class=\"aligncenter size-full\"><img loading=\"lazy\" decoding=\"async\" width=\"120\" height=\"120\" src=\"https:\/\/www.ignitethefire2025.world\/wp-content\/uploads\/2025\/03\/bankaccount.png\" alt=\"\" class=\"wp-image-565\"\/><\/figure>\n<\/div>\n\n\n<p class=\"has-text-align-center\"><strong>T\u00ean t\u00e0i kho\u1ea3n:<\/strong><br>Ely Radia Alsa \/ Yulius Weya<\/p>\n\n\n\n<p class=\"has-text-align-center\"><strong>S\u1ed1 t\u00e0i kho\u1ea3n ng\u00e2n h\u00e0ng:<\/strong><br>1540020076901<br>T\u00ean Ng\u00e2n h\u00e0ng \/ Chi nh\u00e1nh<\/p>\n\n\n\n<p class=\"has-text-align-center\"><strong>NG\u00c2N H\u00c0NG MANDIRI<\/strong><br>Jayapura Sentani Bran<\/p>","protected":false},"excerpt":{"rendered":"<p>We invite you to register for Ignite the Fire \u2013 Papua 2025! Accommodation Packages We have put together conference and hotel accommodation packages for local...<\/p>","protected":false},"author":1,"featured_media":748,"parent":0,"menu_order":0,"comment_status":"closed","ping_status":"closed","template":"","meta":{"_acf_changed":false,"footnotes":""},"class_list":["post-645","page","type-page","status-publish","has-post-thumbnail","hentry"],"acf":[],"_links":{"self":[{"href":"https:\/\/oldsite.ignitethefire2025.world\/vi\/wp-json\/wp\/v2\/pages\/645","targetHints":{"allow":["GET"]}}],"collection":[{"href":"https:\/\/oldsite.ignitethefire2025.world\/vi\/wp-json\/wp\/v2\/pages"}],"about":[{"href":"https:\/\/oldsite.ignitethefire2025.world\/vi\/wp-json\/wp\/v2\/types\/page"}],"author":[{"embeddable":true,"href":"https:\/\/oldsite.ignitethefire2025.world\/vi\/wp-json\/wp\/v2\/users\/1"}],"replies":[{"embeddable":true,"href":"https:\/\/oldsite.ignitethefire2025.world\/vi\/wp-json\/wp\/v2\/comments?post=645"}],"version-history":[{"count":34,"href":"https:\/\/oldsite.ignitethefire2025.world\/vi\/wp-json\/wp\/v2\/pages\/645\/revisions"}],"predecessor-version":[{"id":1003,"href":"https:\/\/oldsite.ignitethefire2025.world\/vi\/wp-json\/wp\/v2\/pages\/645\/revisions\/1003"}],"wp:featuredmedia":[{"embeddable":true,"href":"https:\/\/oldsite.ignitethefire2025.world\/vi\/wp-json\/wp\/v2\/media\/748"}],"wp:attachment":[{"href":"https:\/\/oldsite.ignitethefire2025.world\/vi\/wp-json\/wp\/v2\/media?parent=645"}],"curies":[{"name":"wp","href":"https:\/\/api.w.org\/{rel}","templated":true}]}}