{"id":645,"date":"2025-03-05T14:36:21","date_gmt":"2025-03-05T14:36:21","guid":{"rendered":"https:\/\/www.ignitethefire2025.world\/?page_id=645"},"modified":"2025-04-03T10:11:57","modified_gmt":"2025-04-03T10:11:57","slug":"register","status":"publish","type":"page","link":"https:\/\/oldsite.ignitethefire2025.world\/fr\/register\/","title":{"rendered":"Registre"},"content":{"rendered":"<h2 class=\"wp-block-heading has-text-align-center\">Nous vous invitons \u00e0 vous inscrire \u00e0 Ignite the Fire - Papua 2025 !<\/h2>\n\n\n\n<h3 class=\"wp-block-heading\">Offres d'h\u00e9bergement<\/h3>\n\n\n\n<p>Nous avons mis au point des formules de conf\u00e9rence et d'h\u00e9bergement pour les d\u00e9l\u00e9gu\u00e9s locaux et internationaux, dont les prix ont \u00e9t\u00e9 adapt\u00e9s pour refl\u00e9ter notre d\u00e9sir d'encourager le plus grand nombre d'amis \u00e0 se joindre \u00e0 nous.  Nous esp\u00e9rons sinc\u00e8rement que le co\u00fbt de l'\u00e9v\u00e9nement sera abordable pour tous.<\/p>\n\n\n\n<p>Les forfaits d'h\u00e9bergement comprennent 4 nuits d'h\u00f4tel (du 2 au 6 juillet 2025), l'accueil \u00e0 l'a\u00e9roport et les repas pendant la conf\u00e9rence.<\/p>\n\n\n\n<h3 class=\"wp-block-heading\">Inscription et h\u00e9bergement<\/h3>\n\n\n\n<p><strong>Le prix du forfait bas\u00e9 sur la localisation refl\u00e8te notre appr\u00e9ciation des co\u00fbts \u00e9lev\u00e9s des d\u00e9placements locaux en Papouasie et notre souhait de rendre cet \u00e9v\u00e9nement abordable pour tout le monde.  Notre \u00e9quipe v\u00e9rifiera chaque inscription et, dans certains cas, pourra vous demander des informations compl\u00e9mentaires. Nous vous remercions par avance de votre compr\u00e9hension et de votre coop\u00e9ration !&nbsp;<\/strong><\/p>\n\n\n\n<p>Voici les possibilit\u00e9s qui s'offrent \u00e0 vous en fonction de votre lieu de r\u00e9sidence :<\/p>\n\n\n\n<figure class=\"wp-block-table table-scroll is-style-regular\"><table><tbody><tr><td>&nbsp;<\/td><td colspan=\"2\"><strong>D\u00c9L\u00c9GU\u00c9S INDON\u00c9SIENS<\/strong><\/td><td><strong>INTERNATIONAL<\/strong><\/td><\/tr><tr><td>&nbsp;<\/td><td>Domestique : R\u00e9sidents des districts de Sentani, Jayapura et Abepura en Papouasie.<\/td><td>Domestique :<br>En dehors des districts de Sentani, Abepura et Jayapura en Papouasie.<\/td><td>Tous les autres pays.<\/td><\/tr><tr><td><strong>Conf\u00e9rence \/ Repas seulement<\/strong><\/td><td>IDR 200 000 \/ $12<\/td><td>&nbsp;<\/td><td>&nbsp;<\/td><\/tr><tr><td><strong>Twin - Chambre partag\u00e9e \/ Conf\u00e9rence \/ Repas<\/strong><\/td><td>IDR 1,000,000 \/ $60<\/td><td>IDR 200 000 \/ $12<\/td><td>IDR 1,650,000 \/ US$100<\/td><\/tr><tr><td><strong>Chambre individuelle \/ Conf\u00e9rence \/ Repas<\/strong><\/td><td>&nbsp;<\/td><td>IDR 2,000,000 \/ $120<\/td><td>IDR 5,000,000 \/ US$300<\/td><\/tr><\/tbody><\/table><\/figure>\n\n\n\n<p>Si vous souhaitez arriver plus t\u00f4t ou rester plus tard, veuillez noter que vous devrez organiser vos navettes a\u00e9roport et votre nuit suppl\u00e9mentaire ind\u00e9pendamment.<\/p>\n\n\n\n<p>Veuillez \u00e9galement noter que pour des raisons li\u00e9es \u00e0 l'immigration, nous demandons \u00e0 tous les d\u00e9l\u00e9gu\u00e9s d'assister \u00e0 l'ensemble du programme de la conf\u00e9rence, du d\u00e9but \u00e0 la fin.<\/p>\n\n\n\n<h3 class=\"wp-block-heading\">Lignes directrices pour les voyages<\/h3>\n\n\n\n<p>Nous avons pr\u00e9par\u00e9 quelques&nbsp;<strong><a href=\"https:\/\/www.ignitethefire2025.world\/travel-info\/\">informations sur les voyages<\/a>&nbsp;y compris les visas, les conseils sur les formalit\u00e9s d'immigration et les transports locaux.&nbsp;<a href=\"https:\/\/www.ignitethefire2025.world\/travel-info\/\">ICI<\/a>.&nbsp;&nbsp;<\/strong>Nous vous encourageons \u00e0 consulter cette page avant de nous contacter, car vous y trouverez les r\u00e9ponses \u00e0 de nombreuses questions.<\/p>\n\n\n\n<p>Ne quittez pas votre domicile ou ne partez pas en voyage tant que nous n'avons pas confirm\u00e9 la r\u00e9ception du paiement int\u00e9gral de votre inscription et de votre r\u00e9servation d'h\u00f4tel.  Nous devons nous assurer qu'il y a un lit pour vous !<\/p>\n\n\n\n<p>Veuillez nous communiquer les d\u00e9tails de votre vol d'arriv\u00e9e et de d\u00e9part avant le 18 d\u00e9cembre.<sup>th<\/sup> Juin.  Envoyez-les par courriel \u00e0 <a href=\"mailto:info@ignitethefire2025.world\">info@ignitethefire2025.world<\/a> OU envoyez-les nous par WhatsApp en utilisant les coordonn\u00e9es ci-dessous.<\/p>\n\n\n\n<h3 class=\"wp-block-heading\">Paiement<\/h3>\n\n\n\n<p>Nous sommes en mesure d'accepter les paiements en ligne par les principales cartes de d\u00e9bit et de cr\u00e9dit.  La passerelle de paiement Stripe affichera 'International Prayer Connect' comme destinataire.<\/p>\n\n\n\n<p>Vous pouvez \u00e9galement payer par virement bancaire en utilisant les coordonn\u00e9es du compte ci-dessous.  Veuillez effectuer votre paiement avant de remplir le formulaire d'inscription, afin de pouvoir t\u00e9l\u00e9charger votre confirmation de paiement.  N'oubliez pas d'indiquer votre nom complet comme r\u00e9f\u00e9rence.<\/p>\n\n\n\n<p>Dans des circonstances exceptionnelles, nous pouvons accepter un paiement en esp\u00e8ces \u00e0 l'arriv\u00e9e.  Veuillez nous contacter \u00e0 ce sujet.<\/p>\n\n\n\n<h3 class=\"wp-block-heading\">S'inscrire<\/h3>\n\n\n\n<div class=\"wp-block-buttons is-layout-flex wp-block-buttons-is-layout-flex\">\n<div class=\"wp-block-button\"><a class=\"wp-block-button__link wp-element-button\" href=\"https:\/\/oldsite.ignitethefire2025.world\/fr\/registration-form\/\">Remplir le formulaire d'inscription ICI<\/a><\/div>\n<\/div>\n\n\n\n<h3 class=\"wp-block-heading\">Nous contacter<\/h3>\n\n\n\n<p>Si vous avez des questions ou si vous avez besoin d'aide pour vous inscrire, veuillez remplir le formulaire d'inscription. <strong><a href=\"https:\/\/www.ignitethefire2025.world\/contact\/\">Formulaire de contact<\/a><\/strong> et nous vous r\u00e9pondrons d\u00e8s que possible.  Si la question est extr\u00eamement urgente, veuillez appeler ou envoyer un message WhatsApp aux trois repr\u00e9sentants mentionn\u00e9s dans la section \"Plus d'informations\" ci-dessous.<\/p>\n\n\n\n<hr class=\"wp-block-separator has-alpha-channel-opacity\"\/>\n\n\n\n<h2 class=\"wp-block-heading has-text-align-center\">Coordonn\u00e9es du compte bancaire de notre \u00e9v\u00e9nement :<\/h2>\n\n\n<div class=\"wp-block-image\">\n<figure class=\"aligncenter size-full\"><img loading=\"lazy\" decoding=\"async\" width=\"120\" height=\"120\" src=\"https:\/\/www.ignitethefire2025.world\/wp-content\/uploads\/2025\/03\/bankaccount.png\" alt=\"\" class=\"wp-image-565\"\/><\/figure>\n<\/div>\n\n\n<p class=\"has-text-align-center\"><strong>Nom du compte :<\/strong><br>Ely Radia Alsa \/ Yulius Weya<\/p>\n\n\n\n<p class=\"has-text-align-center\"><strong>Num\u00e9ro de compte bancaire :<\/strong><br>1540020076901<br>Nom de la banque \/ agence<\/p>\n\n\n\n<p class=\"has-text-align-center\"><strong>BANQUE MANDIRI<\/strong><br>Jayapura Sentani Bran<\/p>","protected":false},"excerpt":{"rendered":"<p>We invite you to register for Ignite the Fire \u2013 Papua 2025! Accommodation Packages We have put together conference and hotel accommodation packages for local...<\/p>","protected":false},"author":1,"featured_media":748,"parent":0,"menu_order":0,"comment_status":"closed","ping_status":"closed","template":"","meta":{"_acf_changed":false,"footnotes":""},"class_list":["post-645","page","type-page","status-publish","has-post-thumbnail","hentry"],"acf":[],"_links":{"self":[{"href":"https:\/\/oldsite.ignitethefire2025.world\/fr\/wp-json\/wp\/v2\/pages\/645","targetHints":{"allow":["GET"]}}],"collection":[{"href":"https:\/\/oldsite.ignitethefire2025.world\/fr\/wp-json\/wp\/v2\/pages"}],"about":[{"href":"https:\/\/oldsite.ignitethefire2025.world\/fr\/wp-json\/wp\/v2\/types\/page"}],"author":[{"embeddable":true,"href":"https:\/\/oldsite.ignitethefire2025.world\/fr\/wp-json\/wp\/v2\/users\/1"}],"replies":[{"embeddable":true,"href":"https:\/\/oldsite.ignitethefire2025.world\/fr\/wp-json\/wp\/v2\/comments?post=645"}],"version-history":[{"count":34,"href":"https:\/\/oldsite.ignitethefire2025.world\/fr\/wp-json\/wp\/v2\/pages\/645\/revisions"}],"predecessor-version":[{"id":1003,"href":"https:\/\/oldsite.ignitethefire2025.world\/fr\/wp-json\/wp\/v2\/pages\/645\/revisions\/1003"}],"wp:featuredmedia":[{"embeddable":true,"href":"https:\/\/oldsite.ignitethefire2025.world\/fr\/wp-json\/wp\/v2\/media\/748"}],"wp:attachment":[{"href":"https:\/\/oldsite.ignitethefire2025.world\/fr\/wp-json\/wp\/v2\/media?parent=645"}],"curies":[{"name":"wp","href":"https:\/\/api.w.org\/{rel}","templated":true}]}}