{"id":645,"date":"2025-03-05T14:36:21","date_gmt":"2025-03-05T14:36:21","guid":{"rendered":"https:\/\/www.ignitethefire2025.world\/?page_id=645"},"modified":"2025-04-03T10:11:57","modified_gmt":"2025-04-03T10:11:57","slug":"register","status":"publish","type":"page","link":"https:\/\/oldsite.ignitethefire2025.world\/es\/register\/","title":{"rendered":"Reg\u00edstrese en"},"content":{"rendered":"<h2 class=\"wp-block-heading has-text-align-center\">Te invitamos a inscribirte en \u00a1Enciende el fuego - Pap\u00faa 2025!<\/h2>\n\n\n\n<h3 class=\"wp-block-heading\">Paquetes de alojamiento<\/h3>\n\n\n\n<p>Hemos preparado paquetes de conferencias y alojamiento en hoteles para delegados locales e internacionales, con precios adaptados para reflejar nuestro deseo de animar al mayor n\u00famero posible de amigos a que nos acompa\u00f1en.  Confiamos sinceramente en que el coste del evento sea asequible para todos.<\/p>\n\n\n\n<p>Los paquetes de alojamiento incluyen 4 noches de hotel (del 2 al 6 de julio de 2025), recogida en el aeropuerto y comidas durante la conferencia.<\/p>\n\n\n\n<h3 class=\"wp-block-heading\">Inscripci\u00f3n y alojamiento<\/h3>\n\n\n\n<p><strong>El precio del paquete basado en la ubicaci\u00f3n refleja nuestra apreciaci\u00f3n de los elevados costes de viaje locales en Pap\u00faa y nuestro deseo de que este evento sea asequible para todos.  Nuestro equipo verificar\u00e1 cada inscripci\u00f3n y, en algunos casos, es posible que le soliciten m\u00e1s informaci\u00f3n. Gracias de antemano por su comprensi\u00f3n y cooperaci\u00f3n.&nbsp;<\/strong><\/p>\n\n\n\n<p>Estas son las opciones seg\u00fan donde vivas:<\/p>\n\n\n\n<figure class=\"wp-block-table table-scroll is-style-regular\"><table><tbody><tr><td>&nbsp;<\/td><td colspan=\"2\"><strong>DELEGADOS INDONESIOS<\/strong><\/td><td><strong>INTERNACIONAL<\/strong><\/td><\/tr><tr><td>&nbsp;<\/td><td>Dom\u00e9sticos: Residentes de los distritos de Sentani, Jayapura y Abepura de Pap\u00faa.<\/td><td>Dom\u00e9stica:<br>Fuera de los distritos de Sentani, Abepura y Jayapura, en Pap\u00faa.<\/td><td>Todos los dem\u00e1s pa\u00edses.<\/td><\/tr><tr><td><strong>Conferencia \/ S\u00f3lo comidas<\/strong><\/td><td>IDR 200.000 \/ $12<\/td><td>&nbsp;<\/td><td>&nbsp;<\/td><\/tr><tr><td><strong>Twin - Habitaci\u00f3n compartida \/ Conferencia \/ Comidas<\/strong><\/td><td>IDR 1.000.000 \/ $60<\/td><td>IDR 200.000 \/ $12<\/td><td>IDR 1.650.000 \/ US$100<\/td><\/tr><tr><td><strong>Habitaci\u00f3n individual \/ Conferencia \/ Comidas<\/strong><\/td><td>&nbsp;<\/td><td>IDR 2.000.000 \/ $120<\/td><td>IDR 5.000.000 \/ US$300<\/td><\/tr><\/tbody><\/table><\/figure>\n\n\n\n<p>Si desea llegar antes o quedarse m\u00e1s tiempo, tenga en cuenta que tendr\u00e1 que organizar por su cuenta los traslados al aeropuerto y el alojamiento de una noche extra.<\/p>\n\n\n\n<p>Tenga tambi\u00e9n en cuenta que, por motivos relacionados con la inmigraci\u00f3n, exigimos a todos los delegados que asistan a todo el programa de la conferencia de principio a fin.<\/p>\n\n\n\n<h3 class=\"wp-block-heading\">Directrices de viaje<\/h3>\n\n\n\n<p>Hemos preparado unos \u00fatiles&nbsp;<strong><a href=\"https:\/\/www.ignitethefire2025.world\/travel-info\/\">informaci\u00f3n sobre viajes<\/a>&nbsp;incluidos visados, orientaci\u00f3n sobre tr\u00e1mites de inmigraci\u00f3n y transporte local -&nbsp;<a href=\"https:\/\/www.ignitethefire2025.world\/travel-info\/\">AQU\u00cd<\/a>.&nbsp;&nbsp;<\/strong>Le animamos a consultar la p\u00e1gina antes de ponerse en contacto con nosotros, ya que en ella se responden muchas preguntas.<\/p>\n\n\n\n<p>No salga de casa \/ viaje hasta que hayamos confirmado la recepci\u00f3n del pago completo de su inscripci\u00f3n y la reserva de hotel con usted.  \u00a1Necesitamos estar seguros de que hay una cama para usted!<\/p>\n\n\n\n<p>Por favor, comun\u00edquenos los detalles de su vuelo o ferry de llegada y salida antes del 18<sup>th<\/sup> Junio.  Env\u00edelas por correo electr\u00f3nico a <a href=\"mailto:info@ignitethefire2025.world\">info@ignitethefire2025.world<\/a> O env\u00edanoslos por WhatsApp a la direcci\u00f3n de contacto que aparece m\u00e1s abajo.<\/p>\n\n\n\n<h3 class=\"wp-block-heading\">Pago<\/h3>\n\n\n\n<p>Podemos aceptar pagos en l\u00ednea con la mayor\u00eda de las principales tarjetas de d\u00e9bito y cr\u00e9dito.  La pasarela de pago Stripe mostrar\u00e1 'International Prayer Connect' como destinatario.<\/p>\n\n\n\n<p>Tambi\u00e9n puede pagar por transferencia bancaria utilizando la informaci\u00f3n de la cuenta que figura m\u00e1s abajo.  Realice el pago antes de cumplimentar el formulario de inscripci\u00f3n para que podamos enviarle la confirmaci\u00f3n del pago.  Recuerde incluir su nombre completo como referencia.<\/p>\n\n\n\n<p>En circunstancias excepcionales, podemos aceptar el pago en efectivo a la llegada.  P\u00f3ngase en contacto con nosotros.<\/p>\n\n\n\n<h3 class=\"wp-block-heading\">Registrarse<\/h3>\n\n\n\n<div class=\"wp-block-buttons is-layout-flex wp-block-buttons-is-layout-flex\">\n<div class=\"wp-block-button\"><a class=\"wp-block-button__link wp-element-button\" href=\"https:\/\/oldsite.ignitethefire2025.world\/es\/registration-form\/\">Rellene el formulario de inscripci\u00f3n AQU\u00cd<\/a><\/div>\n<\/div>\n\n\n\n<h3 class=\"wp-block-heading\">Contacto<\/h3>\n\n\n\n<p>Si tiene alguna pregunta o necesita ayuda con su inscripci\u00f3n, rellene el formulario <strong><a href=\"https:\/\/www.ignitethefire2025.world\/contact\/\">Formulario de contacto<\/a><\/strong> y nos pondremos en contacto con usted lo antes posible.  Si el asunto es extremadamente urgente, llame o env\u00ede un WhatsApp a los tres representantes que figuran en la secci\u00f3n M\u00e1s informaci\u00f3n a continuaci\u00f3n.<\/p>\n\n\n\n<hr class=\"wp-block-separator has-alpha-channel-opacity\"\/>\n\n\n\n<h2 class=\"wp-block-heading has-text-align-center\">Detalles de la cuenta bancaria de nuestro evento:<\/h2>\n\n\n<div class=\"wp-block-image\">\n<figure class=\"aligncenter size-full\"><img loading=\"lazy\" decoding=\"async\" width=\"120\" height=\"120\" src=\"https:\/\/www.ignitethefire2025.world\/wp-content\/uploads\/2025\/03\/bankaccount.png\" alt=\"\" class=\"wp-image-565\"\/><\/figure>\n<\/div>\n\n\n<p class=\"has-text-align-center\"><strong>Nombre de la cuenta:<\/strong><br>Ely Radia Alsa \/ Yulius Weya<\/p>\n\n\n\n<p class=\"has-text-align-center\"><strong>N\u00famero de cuenta bancaria:<\/strong><br>1540020076901<br>Nombre del banco \/ Sucursal<\/p>\n\n\n\n<p class=\"has-text-align-center\"><strong>BANCO MANDIRI<\/strong><br>Jayapura Sentani Bran<\/p>","protected":false},"excerpt":{"rendered":"<p>We invite you to register for Ignite the Fire \u2013 Papua 2025! Accommodation Packages We have put together conference and hotel accommodation packages for local...<\/p>","protected":false},"author":1,"featured_media":748,"parent":0,"menu_order":0,"comment_status":"closed","ping_status":"closed","template":"","meta":{"_acf_changed":false,"footnotes":""},"class_list":["post-645","page","type-page","status-publish","has-post-thumbnail","hentry"],"acf":[],"_links":{"self":[{"href":"https:\/\/oldsite.ignitethefire2025.world\/es\/wp-json\/wp\/v2\/pages\/645","targetHints":{"allow":["GET"]}}],"collection":[{"href":"https:\/\/oldsite.ignitethefire2025.world\/es\/wp-json\/wp\/v2\/pages"}],"about":[{"href":"https:\/\/oldsite.ignitethefire2025.world\/es\/wp-json\/wp\/v2\/types\/page"}],"author":[{"embeddable":true,"href":"https:\/\/oldsite.ignitethefire2025.world\/es\/wp-json\/wp\/v2\/users\/1"}],"replies":[{"embeddable":true,"href":"https:\/\/oldsite.ignitethefire2025.world\/es\/wp-json\/wp\/v2\/comments?post=645"}],"version-history":[{"count":34,"href":"https:\/\/oldsite.ignitethefire2025.world\/es\/wp-json\/wp\/v2\/pages\/645\/revisions"}],"predecessor-version":[{"id":1003,"href":"https:\/\/oldsite.ignitethefire2025.world\/es\/wp-json\/wp\/v2\/pages\/645\/revisions\/1003"}],"wp:featuredmedia":[{"embeddable":true,"href":"https:\/\/oldsite.ignitethefire2025.world\/es\/wp-json\/wp\/v2\/media\/748"}],"wp:attachment":[{"href":"https:\/\/oldsite.ignitethefire2025.world\/es\/wp-json\/wp\/v2\/media?parent=645"}],"curies":[{"name":"wp","href":"https:\/\/api.w.org\/{rel}","templated":true}]}}