{"id":645,"date":"2025-03-05T14:36:21","date_gmt":"2025-03-05T14:36:21","guid":{"rendered":"https:\/\/www.ignitethefire2025.world\/?page_id=645"},"modified":"2025-04-03T10:11:57","modified_gmt":"2025-04-03T10:11:57","slug":"register","status":"publish","type":"page","link":"https:\/\/oldsite.ignitethefire2025.world\/de\/register\/","title":{"rendered":"Register"},"content":{"rendered":"<h2 class=\"wp-block-heading has-text-align-center\">Wir laden Sie ein, sich f\u00fcr Ignite the Fire - Papua 2025 anzumelden!<\/h2>\n\n\n\n<h3 class=\"wp-block-heading\">Unterkunft Pakete<\/h3>\n\n\n\n<p>Wir haben Konferenz- und Hotelunterkunftspakete f\u00fcr lokale und internationale Delegierte zusammengestellt, deren Preisgestaltung unserem Wunsch entspricht, so viele Freunde wie m\u00f6glich zur Teilnahme zu ermutigen.  Wir sind zuversichtlich, dass die Kosten der Veranstaltung f\u00fcr alle erschwinglich sein werden.<\/p>\n\n\n\n<p>Die Unterkunftspakete beinhalten 4 Hotel\u00fcbernachtungen (vom 2. Juli bis 6. Juli 2025), Abholung vom Flughafen und Mahlzeiten w\u00e4hrend der Konferenz.<\/p>\n\n\n\n<h3 class=\"wp-block-heading\">Anmeldung &amp; Unterkunftspakete<\/h3>\n\n\n\n<p><strong>Die ortsabh\u00e4ngigen Paketpreise spiegeln unsere Wertsch\u00e4tzung f\u00fcr die hohen lokalen Reisekosten in Papua und unseren Wunsch wider, diese Veranstaltung f\u00fcr jeden erschwinglich zu machen.  Unser Team wird jede Anmeldung \u00fcberpr\u00fcfen und in einigen F\u00e4llen weitere Informationen von Ihnen verlangen. Wir danken Ihnen im Voraus f\u00fcr Ihr Verst\u00e4ndnis und Ihre Mitarbeit!&nbsp;<\/strong><\/p>\n\n\n\n<p>Je nachdem, wo Sie wohnen, haben Sie folgende M\u00f6glichkeiten:<\/p>\n\n\n\n<figure class=\"wp-block-table table-scroll is-style-regular\"><table><tbody><tr><td>&nbsp;<\/td><td colspan=\"2\"><strong>INDONESISCHE DELEGIERTE<\/strong><\/td><td><strong>INTERNATIONAL<\/strong><\/td><\/tr><tr><td>&nbsp;<\/td><td>Inl\u00e4ndisch: Einwohner der Bezirke Sentani, Jayapura und Abepura in Papua.<\/td><td>H\u00e4uslich:<br>Au\u00dferhalb der Bezirke Sentani, Abepura und Jayapura in Papua.<\/td><td>Alle anderen L\u00e4nder.<\/td><\/tr><tr><td><strong>Nur Konferenz \/ Mahlzeiten<\/strong><\/td><td>IDR 200.000 \/ $12<\/td><td>&nbsp;<\/td><td>&nbsp;<\/td><\/tr><tr><td><strong>Zweibettzimmer - Mehrbettzimmer \/ Konferenz \/ Mahlzeiten<\/strong><\/td><td>IDR 1.000.000 \/ $60<\/td><td>IDR 200.000 \/ $12<\/td><td>IDR 1.650.000 \/ US$100<\/td><\/tr><tr><td><strong>Einzelzimmer \/ Konferenz \/ Mahlzeiten<\/strong><\/td><td>&nbsp;<\/td><td>IDR 2.000.000 \/ $120<\/td><td>IDR 5.000.000 \/ US$300<\/td><\/tr><\/tbody><\/table><\/figure>\n\n\n\n<p>Wenn Sie fr\u00fcher anreisen oder l\u00e4nger bleiben m\u00f6chten, beachten Sie bitte, dass Sie den Flughafentransfer und die Zusatz\u00fcbernachtungen selbst organisieren m\u00fcssen.<\/p>\n\n\n\n<p>Bitte beachten Sie auch, dass wir aus einwanderungsrechtlichen Gr\u00fcnden von allen Delegierten verlangen, dass sie das gesamte Konferenzprogramm von Anfang bis Ende besuchen.<\/p>\n\n\n\n<h3 class=\"wp-block-heading\">Reisehinweise<\/h3>\n\n\n\n<p>Wir haben einige n\u00fctzliche Informationen vorbereitet&nbsp;<strong><a href=\"https:\/\/www.ignitethefire2025.world\/travel-info\/\">Reiseinformationen<\/a>&nbsp;einschlie\u00dflich Visa, Beratung zu Einreiseformalit\u00e4ten und Nahverkehr -&nbsp;<a href=\"https:\/\/www.ignitethefire2025.world\/travel-info\/\">HIER<\/a>.&nbsp;&nbsp;<\/strong>Wir empfehlen Ihnen, diese Seite zu besuchen, bevor Sie sich an uns wenden, da viele Fragen dort beantwortet werden.<\/p>\n\n\n\n<p>Verlassen Sie Ihr Haus \/ Ihre Reise erst, wenn wir den Eingang der vollst\u00e4ndigen Zahlung Ihrer Anmeldung und der Hotelbuchung best\u00e4tigt haben.  Sie m\u00fcssen sicher sein, dass es ein Bett f\u00fcr Sie gibt!<\/p>\n\n\n\n<p>Bitte teilen Sie uns Ihre Ankunfts- und Abfahrtsdaten f\u00fcr den Flug bzw. die F\u00e4hre bis 18 Uhr mit.<sup>th<\/sup> Juni.  Senden Sie sie per E-Mail an <a href=\"mailto:info@ignitethefire2025.world\">info@ignitethefire2025.world<\/a> ODER schicken Sie uns eine WhatsApp an die unten stehenden Kontaktdaten.<\/p>\n\n\n\n<h3 class=\"wp-block-heading\">Zahlung<\/h3>\n\n\n\n<p>Wir sind in der Lage, Online-Zahlungen mit den meisten g\u00e4ngigen Debit- und Kreditkarten zu akzeptieren.  Das Stripe-Zahlungsgateway zeigt \"International Prayer Connect\" als Empf\u00e4nger an.<\/p>\n\n\n\n<p>Alternativ k\u00f6nnen Sie auch per Bank\u00fcberweisung unter Verwendung der unten stehenden Kontodaten zahlen.  Bitte leisten Sie Ihre Zahlung, bevor Sie das Anmeldeformular ausf\u00fcllen, damit Sie Ihre Zahlungsbest\u00e4tigung an uns hochladen k\u00f6nnen.  Denken Sie daran, Ihren vollst\u00e4ndigen Namen als Referenz anzugeben.<\/p>\n\n\n\n<p>In Ausnahmef\u00e4llen k\u00f6nnen wir eine Barzahlung bei der Ankunft akzeptieren.  Bitte kontaktieren Sie uns, um dies zu arrangieren.<\/p>\n\n\n\n<h3 class=\"wp-block-heading\">Zur Registrierung<\/h3>\n\n\n\n<div class=\"wp-block-buttons is-layout-flex wp-block-buttons-is-layout-flex\">\n<div class=\"wp-block-button\"><a class=\"wp-block-button__link wp-element-button\" href=\"https:\/\/oldsite.ignitethefire2025.world\/de\/registration-form\/\">F\u00fcllen Sie das Anmeldeformular HIER aus<\/a><\/div>\n<\/div>\n\n\n\n<h3 class=\"wp-block-heading\">Kontaktieren Sie uns<\/h3>\n\n\n\n<p>Wenn Sie Fragen haben oder Hilfe bei Ihrer Anmeldung ben\u00f6tigen, f\u00fcllen Sie bitte das <strong><a href=\"https:\/\/www.ignitethefire2025.world\/contact\/\">Kontakt-Formular<\/a><\/strong> und wir werden uns so schnell wie m\u00f6glich bei Ihnen melden.  In sehr dringenden F\u00e4llen wenden Sie sich bitte per Telefon oder WhatsApp an die drei Vertreter, die im Abschnitt \"Weitere Informationen\" unten aufgef\u00fchrt sind.<\/p>\n\n\n\n<hr class=\"wp-block-separator has-alpha-channel-opacity\"\/>\n\n\n\n<h2 class=\"wp-block-heading has-text-align-center\">Unsere Event-Bankverbindung:<\/h2>\n\n\n<div class=\"wp-block-image\">\n<figure class=\"aligncenter size-full\"><img loading=\"lazy\" decoding=\"async\" width=\"120\" height=\"120\" src=\"https:\/\/www.ignitethefire2025.world\/wp-content\/uploads\/2025\/03\/bankaccount.png\" alt=\"\" class=\"wp-image-565\"\/><\/figure>\n<\/div>\n\n\n<p class=\"has-text-align-center\"><strong>Name des Kontos:<\/strong><br>Ely Radia Alsa \/ Yulius Weya<\/p>\n\n\n\n<p class=\"has-text-align-center\"><strong>Nummer des Bankkontos:<\/strong><br>1540020076901<br>Name der Bank \/ Filiale<\/p>\n\n\n\n<p class=\"has-text-align-center\"><strong>BANK MANDIRI<\/strong><br>Jayapura Sentani Bran<\/p>","protected":false},"excerpt":{"rendered":"<p>We invite you to register for Ignite the Fire \u2013 Papua 2025! Accommodation Packages We have put together conference and hotel accommodation packages for local...<\/p>","protected":false},"author":1,"featured_media":748,"parent":0,"menu_order":0,"comment_status":"closed","ping_status":"closed","template":"","meta":{"_acf_changed":false,"footnotes":""},"class_list":["post-645","page","type-page","status-publish","has-post-thumbnail","hentry"],"acf":[],"_links":{"self":[{"href":"https:\/\/oldsite.ignitethefire2025.world\/de\/wp-json\/wp\/v2\/pages\/645","targetHints":{"allow":["GET"]}}],"collection":[{"href":"https:\/\/oldsite.ignitethefire2025.world\/de\/wp-json\/wp\/v2\/pages"}],"about":[{"href":"https:\/\/oldsite.ignitethefire2025.world\/de\/wp-json\/wp\/v2\/types\/page"}],"author":[{"embeddable":true,"href":"https:\/\/oldsite.ignitethefire2025.world\/de\/wp-json\/wp\/v2\/users\/1"}],"replies":[{"embeddable":true,"href":"https:\/\/oldsite.ignitethefire2025.world\/de\/wp-json\/wp\/v2\/comments?post=645"}],"version-history":[{"count":34,"href":"https:\/\/oldsite.ignitethefire2025.world\/de\/wp-json\/wp\/v2\/pages\/645\/revisions"}],"predecessor-version":[{"id":1003,"href":"https:\/\/oldsite.ignitethefire2025.world\/de\/wp-json\/wp\/v2\/pages\/645\/revisions\/1003"}],"wp:featuredmedia":[{"embeddable":true,"href":"https:\/\/oldsite.ignitethefire2025.world\/de\/wp-json\/wp\/v2\/media\/748"}],"wp:attachment":[{"href":"https:\/\/oldsite.ignitethefire2025.world\/de\/wp-json\/wp\/v2\/media?parent=645"}],"curies":[{"name":"wp","href":"https:\/\/api.w.org\/{rel}","templated":true}]}}